{"id":213,"date":"2021-03-15T22:01:01","date_gmt":"2021-03-15T22:01:01","guid":{"rendered":"https:\/\/www.aficcontabil.com.br\/wp_afic\/colibri-wp\/"},"modified":"2022-06-09T22:13:09","modified_gmt":"2022-06-09T22:13:09","slug":"colibri-wp","status":"publish","type":"page","link":"https:\/\/www.aficcontabil.com.br\/wp_afic\/","title":{"rendered":"Front Page"},"content":{"rendered":"<div data-colibri-id=\"213-c1\" class=\"style-198 style-local-213-c1 position-relative\">\n  <!---->\n  <div data-colibri-component=\"section\" data-colibri-id=\"213-c2\" id=\"overlappable\" class=\"h-section h-section-global-spacing d-flex align-items-lg-center align-items-md-center align-items-center style-199 style-local-213-c2 position-relative\">\n    <!---->\n    <!---->\n    <div class=\"h-section-grid-container h-section-boxed-container\">\n      <!---->\n      <div data-colibri-id=\"213-c3\" class=\"h-row-container gutters-row-lg-2 gutters-row-md-0 gutters-row-2 gutters-row-v-lg-2 gutters-row-v-md-0 gutters-row-v-2 style-200 style-local-213-c3 position-relative\">\n        <!---->\n        <div class=\"h-row justify-content-lg-center justify-content-md-center justify-content-center align-items-lg-stretch align-items-md-stretch align-items-stretch gutters-col-lg-2 gutters-col-md-0 gutters-col-2 gutters-col-v-lg-2 gutters-col-v-md-0 gutters-col-v-2\">\n          <!---->\n          <div class=\"h-column h-column-container d-flex h-col-lg-4 h-col-md-4 h-col-12 style-201-outer style-local-213-c4-outer\">\n            <div data-colibri-id=\"213-c4\" class=\"d-flex h-flex-basis h-column__inner h-px-lg-2 h-px-md-3 h-px-2 v-inner-lg-0 v-inner-md-3 v-inner-2 style-201 style-local-213-c4 position-relative\">\n              <!---->\n              <!---->\n              <div class=\"w-100 h-y-container h-column__content h-column__v-align flex-basis-100 align-self-lg-start align-self-md-start align-self-start\">\n                <!---->\n                <div data-colibri-id=\"213-c5\" class=\"h-icon style-202 style-local-213-c5 position-relative h-element\">\n                  <!---->\n                  <a href=\"\/wp_afic\/abra-sua-empresa\/\" h-use-smooth-scroll=\"true\"><span class=\"h-svg-icon h-icon__icon style-202-icon style-local-213-c5-icon\"><!--Icon by Socicon (http:\/\/www.socicon.com)--><svg version=\"1.1\" xmlns=\"http:\/\/www.w3.org\/2000\/svg\" viewBox=\"0 0 1500 1500\">\n\n<path d=\"M222.656 1063.477c0-61.523 14.648-108.398 41.016-143.555 23.438-29.297 58.594-52.734 108.398-64.453-14.648-41.016-23.438-70.313-23.438-87.891 0-32.227 17.578-67.383 52.734-102.539s70.313-52.734 102.539-52.734c14.648 0 35.156 5.859 58.594 14.648-46.875-134.766-82.031-237.305-102.539-307.617-23.438-79.102-35.156-134.766-35.156-166.992 0-46.875 11.719-84.961 35.156-111.328s58.594-41.016 99.609-41.016c70.313 0 155.273 143.555 254.883 433.594l23.438 73.242c5.859-14.648 11.719-32.227 17.578-49.805 99.609-287.109 187.5-427.734 263.672-427.734 41.016 0 70.313 11.719 93.75 38.086s35.156 61.523 35.156 102.539c0 29.297-11.719 84.961-35.156 166.992-20.508 70.313-52.734 169.922-96.68 292.969 55.664 14.648 96.68 41.016 120.117 79.102 26.367 43.945 41.016 108.398 41.016 196.289 0 175.781-52.734 316.406-158.203 427.734s-237.305 166.992-401.367 166.992c-64.453 0-125.977-11.719-187.5-35.156-58.594-20.508-108.398-52.734-158.203-96.68-49.805-46.875-84.961-96.68-111.328-146.484-23.438-52.734-38.086-105.469-38.086-158.203zM319.336 1057.617c0 23.438 5.859 52.734 20.508 87.891 11.719 29.297 32.227 61.523 58.594 96.68 38.086 52.734 84.961 90.82 140.625 120.117 55.664 26.367 120.117 41.016 190.43 41.016 125.977 0 231.445-46.875 319.336-143.555 84.961-93.75 128.906-213.867 128.906-357.422 0-43.945-2.93-79.102-8.789-102.539s-14.648-38.086-29.297-52.734c-26.367-20.508-79.102-41.016-155.273-58.594-79.102-17.578-161.133-26.367-249.023-26.367-20.508 0-35.156 2.93-41.016 8.789-5.859 2.93-8.789 14.648-8.789 29.297 0 41.016 23.438 70.313 67.383 87.891 49.805 20.508 128.906 29.297 243.164 29.297h41.016c14.648 0 26.367 5.859 32.227 17.578 8.789 5.859 14.648 20.508 17.578 43.945-17.578 17.578-43.945 32.227-82.031 46.875-35.156 11.719-61.523 23.438-76.172 38.086-41.016 26.367-70.313 61.523-93.75 99.609s-35.156 76.172-35.156 111.328c0 20.508 5.859 43.945 14.648 73.242 11.719 32.227 17.578 52.734 17.578 64.453v8.789l-5.859 20.508c-43.945-2.93-76.172-23.438-96.68-58.594-14.648-32.227-23.438-73.242-26.367-120.117-2.93 0-8.789 0-17.578 0h-17.578c2.93 5.859 2.93 11.719 2.93 17.578 0 29.297-11.719 55.664-35.156 76.172-20.508 20.508-46.875 29.297-79.102 29.297-43.945 0-90.82-20.508-137.695-64.453-49.805-46.875-73.242-90.82-73.242-134.766 0-5.859 2.93-14.648 5.859-23.438 0-5.859 8.789-17.578 23.438-32.227 23.438 32.227 41.016 52.734 49.805 64.453 41.016 58.594 79.102 87.891 111.328 87.891 8.789 0 17.578-2.93 26.367-8.789 5.859-5.859 8.789-11.719 8.789-14.648 0-8.789-5.859-23.438-17.578-43.945-8.789-14.648-26.367-41.016-55.664-79.102-26.367-35.156-49.805-58.594-64.453-73.242-14.648-11.719-26.367-20.508-32.227-20.508-20.508 0-38.086 11.719-55.664 32.227-17.578 23.438-26.367 49.805-26.367 82.031zM451.172 776.367c0 11.719 8.789 35.156 23.438 67.383 14.648 26.367 35.156 58.594 67.383 99.609 29.297 38.086 55.664 70.313 82.031 90.82 23.438 20.508 41.016 29.297 52.734 29.297 5.859 0 14.648-2.93 20.508-11.719 5.859-5.859 8.789-14.648 8.789-23.438 0-11.719-8.789-38.086-26.367-84.961-20.508-49.805-41.016-93.75-67.383-134.766-20.508-35.156-41.016-58.594-55.664-73.242-17.578-14.648-32.227-20.508-46.875-20.508-11.719 0-23.438 5.859-35.156 20.508-14.648 17.578-23.438 29.297-23.438 41.016zM518.555 140.625c0 35.156 11.719 84.961 35.156 158.203 20.508 70.313 52.734 161.133 96.68 278.32 8.789-5.859 23.438-8.789 41.016-8.789 0 0 2.93 0 8.789 2.93 5.859 0 11.719 0 14.648 0 5.859 0 17.578 0 41.016 2.93l-102.539-295.898c-26.367-76.172-49.805-128.906-64.453-152.344-14.648-20.508-26.367-29.297-38.086-29.297-8.789 0-17.578 2.93-23.438 11.719s-8.789 20.508-8.789 32.227zM761.719 890.625c8.789 23.438 17.578 46.875 29.297 73.242 17.578-20.508 38.086-41.016 58.594-55.664-5.859 0-14.648-2.93-23.438-2.93-8.789-2.93-17.578-2.93-20.508-2.93-20.508-5.859-35.156-8.789-43.945-11.719zM916.992 591.797l96.68 17.578c43.945-123.047 79.102-219.727 102.539-292.969 23.438-79.102 38.086-125.977 38.086-140.625 0-17.578-5.859-29.297-11.719-38.086-2.93-5.859-11.719-8.789-23.438-8.789s-26.367 11.719-43.945 38.086c-17.578 29.297-41.016 79.102-64.453 149.414z\"><\/path>\n<\/svg>\n<\/span><\/a>\n                <\/div>\n                <div data-colibri-id=\"213-c6\" class=\"h-global-transition-all h-heading style-203 style-local-213-c6 position-relative h-element\">\n                  <!---->\n                  <div class=\"h-heading__outer style-203 style-local-213-c6\">\n                    <!---->\n                    <!---->\n                    <h5 class=\"\">Abra sua empresa<\/h5>\n                  <\/div>\n                <\/div>\n                <div data-colibri-id=\"213-c7\" class=\"h-text h-text-component style-204 style-local-213-c7 position-relative h-element\">\n                  <!---->\n                  <!---->\n                  <div class=\"\">\n                    <p>Abra sua empresa sem sair de casa e sem correr riscos desnecess\u00e1rios.<\/p>\n                  <\/div>\n                <\/div>\n              <\/div>\n            <\/div>\n          <\/div>\n          <div class=\"h-column h-column-container d-flex h-col-lg-4 h-col-md-4 h-col-12 style-201-outer style-local-213-c8-outer\">\n            <div data-colibri-id=\"213-c8\" class=\"d-flex h-flex-basis h-column__inner h-px-lg-2 h-px-md-3 h-px-2 v-inner-lg-0 v-inner-md-3 v-inner-2 style-201 style-local-213-c8 position-relative\">\n              <!---->\n              <!---->\n              <div class=\"w-100 h-y-container h-column__content h-column__v-align flex-basis-100 align-self-lg-start align-self-md-start align-self-start\">\n                <!---->\n                <div data-colibri-id=\"213-c9\" class=\"h-icon style-202 style-local-213-c9 position-relative h-element\">\n                  <!---->\n                  <a href=\"\/wp_afic\/abra-sua-empresa\/\" h-use-smooth-scroll=\"true\"><span class=\"h-svg-icon h-icon__icon style-202-icon style-local-213-c9-icon\"><!--Icon by Socicon (http:\/\/www.socicon.com)--><svg version=\"1.1\" xmlns=\"http:\/\/www.w3.org\/2000\/svg\" viewBox=\"0 0 1500 1500\">\n\n<path d=\"M1007.813 175.781h-952.148c-32.227 0-55.664 23.438-55.664 52.734v1042.969c0 29.297 23.438 52.734 55.664 52.734h952.148l492.188-574.219zM606.445 1095.703c-231.445 0-307.617-8.789-307.617-8.789s11.719-184.57 96.68-216.797c82.031-32.227 102.539-29.297 131.836-46.875 0 0 2.93 0 2.93 0v-49.805c-29.297-23.438-49.805-61.523-64.453-102.539-14.648-17.578-23.438-35.156-23.438-55.664 0-14.648 5.859-29.297 11.719-41.016 5.859-102.539 70.313-169.922 152.344-169.922 79.102 0 146.484 67.383 149.414 169.922 8.789 11.719 11.719 26.367 11.719 41.016 0 20.508-8.789 38.086-23.438 55.664-11.719 41.016-35.156 79.102-61.523 102.539v49.805c0 0 0 0 0 0 29.297 17.578 49.805 14.648 134.766 46.875s96.68 216.797 96.68 216.797c0 0-79.102 8.789-307.617 8.789z\"><\/path>\n<\/svg>\n<\/span><\/a>\n                <\/div>\n                <div data-colibri-id=\"213-c10\" class=\"h-global-transition-all h-heading style-203 style-local-213-c10 position-relative h-element\">\n                  <!---->\n                  <div class=\"h-heading__outer style-203 style-local-213-c10\">\n                    <!---->\n                    <!---->\n                    <h5 class=\"\">Migre sua empresa<\/h5>\n                  <\/div>\n                <\/div>\n                <div data-colibri-id=\"213-c11\" class=\"h-text h-text-component style-204 style-local-213-c11 position-relative h-element\">\n                  <!---->\n                  <!---->\n                  <div class=\"\">\n                    <p>Transfira sua empresa p\u00e1ra AFIC de maneira f\u00e1cil, segura e descomplicada.<\/p>\n                  <\/div>\n                <\/div>\n              <\/div>\n            <\/div>\n          <\/div>\n          <div class=\"h-column h-column-container d-flex h-col-lg-4 h-col-md-4 h-col-12 style-201-outer style-local-213-c12-outer\">\n            <div data-colibri-id=\"213-c12\" class=\"d-flex h-flex-basis h-column__inner h-px-lg-2 h-px-md-3 h-px-2 v-inner-lg-0 v-inner-md-3 v-inner-2 style-201 style-local-213-c12 position-relative\">\n              <!---->\n              <!---->\n              <div class=\"w-100 h-y-container h-column__content h-column__v-align flex-basis-100 align-self-lg-start align-self-md-start align-self-start\">\n                <!---->\n                <div data-colibri-id=\"213-c13\" class=\"h-icon style-202 style-local-213-c13 position-relative h-element\">\n                  <!---->\n                  <a href=\"\/wp_afic\/planos\/\" h-use-smooth-scroll=\"true\"><span class=\"h-svg-icon h-icon__icon style-202-icon style-local-213-c13-icon\"><!--Icon by Font Awesome (https:\/\/fontawesome.com)--><svg version=\"1.1\" xmlns=\"http:\/\/www.w3.org\/2000\/svg\" xmlns:xlink=\"http:\/\/www.w3.org\/1999\/xlink\" id=\"money\" viewBox=\"0 0 1920 1896.0833\"><path d=\"M768 1152h384v-96h-128V608H910L762 745l77 80q42-37 55-57h2v288H768v96zm512-256q0 70-21 142t-59.5 134-101.5 101-138 39-138-39-101.5-101-59.5-134-21-142 21-142 59.5-134T822 519t138-39 138 39 101.5 101 59.5 134 21 142zm512 256V640q-106 0-181-75t-75-181H384q0 106-75 181t-181 75v512q106 0 181 75t75 181h1152q0-106 75-181t181-75zm128-832v1152q0 26-19 45t-45 19H64q-26 0-45-19t-19-45V320q0-26 19-45t45-19h1792q26 0 45 19t19 45z\"><\/path><\/svg><\/span><\/a>\n                <\/div>\n                <div data-colibri-id=\"213-c14\" class=\"h-global-transition-all h-heading style-203 style-local-213-c14 position-relative h-element\">\n                  <!---->\n                  <div class=\"h-heading__outer style-203 style-local-213-c14\">\n                    <!---->\n                    <!---->\n                    <h5 class=\"\">Conhe\u00e7a nossos planos<\/h5>\n                  <\/div>\n                <\/div>\n                <div data-colibri-id=\"213-c15\" class=\"h-text h-text-component style-204 style-local-213-c15 position-relative h-element\">\n                  <!---->\n                  <!---->\n                  <div class=\"\">\n                    <p>Temos planos que se encaixam no no seu perfil.\n                      <br>Te ajudaremos no seu projeto.\n                      <br>Seja um empreendedor!<\/p>\n                  <\/div>\n                <\/div>\n              <\/div>\n            <\/div>\n          <\/div>\n        <\/div>\n      <\/div>\n    <\/div>\n  <\/div>\n  <div data-colibri-component=\"section\" data-colibri-id=\"213-c16\" id=\"custom\" class=\"h-section h-section-global-spacing d-flex align-items-lg-center align-items-md-center align-items-center style-221 style-local-213-c16 position-relative\">\n    <!---->\n    <!---->\n    <div class=\"h-section-grid-container h-section-boxed-container\">\n      <!---->\n      <div data-colibri-id=\"213-c17\" class=\"h-row-container gutters-row-lg-2 gutters-row-md-2 gutters-row-0 gutters-row-v-lg-2 gutters-row-v-md-2 gutters-row-v-2 style-222 style-local-213-c17 position-relative\">\n        <!---->\n        <div class=\"h-row justify-content-lg-center justify-content-md-center justify-content-center align-items-lg-stretch align-items-md-stretch align-items-stretch gutters-col-lg-2 gutters-col-md-2 gutters-col-0 gutters-col-v-lg-2 gutters-col-v-md-2 gutters-col-v-2\">\n          <!---->\n          <div class=\"h-column h-column-container d-flex h-col-lg-auto h-col-md-auto h-col-auto style-223-outer style-local-213-c18-outer\">\n            <div data-colibri-id=\"213-c18\" class=\"d-flex h-flex-basis h-column__inner h-px-lg-2 h-px-md-2 h-px-2 v-inner-lg-2 v-inner-md-2 v-inner-2 style-223 style-local-213-c18 position-relative\">\n              <!---->\n              <!---->\n              <div class=\"w-100 h-y-container h-column__content h-column__v-align flex-basis-100 align-self-lg-start align-self-md-start align-self-start\">\n                <!---->\n                <div data-colibri-id=\"213-c19\" class=\"d-block style-224 style-local-213-c19 position-relative h-element\">\n                  <!---->\n                  <div class=\"h-image__frame-container-outer\">\n                    <div class=\"h-image__frame-container\">\n                      <!---->\n                      <!---->\n                      <img loading=\"lazy\" width=\"549\" height=\"77\" src=\"https:\/\/www.aficcontabil.com.br\/wp_afic\/wp-content\/uploads\/2021\/02\/cropped-image-4.png\" class=\"wp-image-428 style-224-image style-local-213-c19-image\" srcset=\"https:\/\/www.aficcontabil.com.br\/wp_afic\/wp-content\/uploads\/2021\/02\/cropped-image-4.png 549w, https:\/\/www.aficcontabil.com.br\/wp_afic\/wp-content\/uploads\/2021\/02\/cropped-image-4-300x42.png 300w\" sizes=\"(max-width: 549px) 100vw, 549px\" alt=\"\" \/>\n                      <div class=\"h-image__frame h-hide-lg h-hide-md h-hide-sm style-224-frameImage style-local-213-c19-frameImage\"><\/div>\n                    <\/div>\n                  <\/div>\n                <\/div>\n              <\/div>\n            <\/div>\n          <\/div>\n        <\/div>\n      <\/div>\n      <div data-colibri-id=\"213-c20\" class=\"h-row-container gutters-row-lg-2 gutters-row-md-2 gutters-row-0 gutters-row-v-lg-2 gutters-row-v-md-2 gutters-row-v-2 style-228 style-local-213-c20 position-relative\">\n        <!---->\n        <div class=\"h-row justify-content-lg-center justify-content-md-center justify-content-center align-items-lg-stretch align-items-md-stretch align-items-stretch gutters-col-lg-2 gutters-col-md-2 gutters-col-0 gutters-col-v-lg-2 gutters-col-v-md-2 gutters-col-v-2\">\n          <!---->\n          <div class=\"h-column h-column-container d-flex h-col-lg-auto h-col-md-auto h-col-auto style-229-outer style-local-213-c21-outer\">\n            <div data-colibri-id=\"213-c21\" class=\"d-flex h-flex-basis h-column__inner h-px-lg-2 h-px-md-2 h-px-2 v-inner-lg-2 v-inner-md-2 v-inner-2 style-229 style-local-213-c21 position-relative\">\n              <!---->\n              <!---->\n              <div class=\"w-100 h-y-container h-column__content h-column__v-align flex-basis-100 align-self-lg-start align-self-md-start align-self-start\">\n                <!---->\n                <div data-colibri-id=\"213-c22\" class=\"h-text h-text-component style-231 style-local-213-c22 position-relative h-element\">\n                  <!---->\n                  <!---->\n                  <div class=\"\">\n                    <p>N\u00f3s da AFIC Contabilidade visamos a sa\u00fade e seguran\u00e7a de nossos clientes.\n                      <br>Por isso, neste momento, estamos atendendo apenas online para reduzir o risco de contamina\u00e7\u00e3o.<\/p>\n                  <\/div>\n                <\/div>\n              <\/div>\n            <\/div>\n          <\/div>\n        <\/div>\n      <\/div>\n    <\/div>\n  <\/div>\n<\/div>","protected":false},"excerpt":{"rendered":"<p>Abra sua empresa Abra sua empresa sem sair de casa e sem correr riscos desnecess\u00e1rios. Migre sua empresa Transfira sua empresa p\u00e1ra AFIC de maneira f\u00e1cil, segura e descomplicada. Conhe\u00e7a nossos planos Temos planos que se encaixam no no seu perfil. Te ajudaremos no seu projeto. Seja um empreendedor! N\u00f3s da AFIC Contabilidade visamos a [&hellip;]<\/p>\n","protected":false},"author":1,"featured_media":0,"parent":0,"menu_order":0,"comment_status":"closed","ping_status":"closed","template":"page-templates\/homepage.php","meta":{"_coblocks_attr":"","_coblocks_dimensions":"","_coblocks_responsive_height":"","_coblocks_accordion_ie_support":""},"_links":{"self":[{"href":"https:\/\/www.aficcontabil.com.br\/wp_afic\/wp-json\/wp\/v2\/pages\/213"}],"collection":[{"href":"https:\/\/www.aficcontabil.com.br\/wp_afic\/wp-json\/wp\/v2\/pages"}],"about":[{"href":"https:\/\/www.aficcontabil.com.br\/wp_afic\/wp-json\/wp\/v2\/types\/page"}],"author":[{"embeddable":true,"href":"https:\/\/www.aficcontabil.com.br\/wp_afic\/wp-json\/wp\/v2\/users\/1"}],"replies":[{"embeddable":true,"href":"https:\/\/www.aficcontabil.com.br\/wp_afic\/wp-json\/wp\/v2\/comments?post=213"}],"version-history":[{"count":15,"href":"https:\/\/www.aficcontabil.com.br\/wp_afic\/wp-json\/wp\/v2\/pages\/213\/revisions"}],"predecessor-version":[{"id":1024,"href":"https:\/\/www.aficcontabil.com.br\/wp_afic\/wp-json\/wp\/v2\/pages\/213\/revisions\/1024"}],"wp:attachment":[{"href":"https:\/\/www.aficcontabil.com.br\/wp_afic\/wp-json\/wp\/v2\/media?parent=213"}],"curies":[{"name":"wp","href":"https:\/\/api.w.org\/{rel}","templated":true}]}}