{"id":28,"date":"2021-02-10T16:50:40","date_gmt":"2021-02-10T16:50:40","guid":{"rendered":"https:\/\/www.aficcontabil.com.br\/wp_afic\/?page_id=28"},"modified":"2022-06-09T22:01:17","modified_gmt":"2022-06-09T22:01:17","slug":"abra-sua-empresa","status":"publish","type":"page","link":"https:\/\/www.aficcontabil.com.br\/wp_afic\/abra-sua-empresa\/","title":{"rendered":"Abra ou Migre Sua Empresa"},"content":{"rendered":"<div data-colibri-id=\"28-c1\" class=\"style-206 style-local-28-c1 position-relative\">\n  <!---->\n  <div data-colibri-component=\"section\" data-colibri-id=\"28-c2\" id=\"overlappable\" class=\"h-section h-section-global-spacing d-flex align-items-lg-center align-items-md-center align-items-center style-207 style-local-28-c2 position-relative\">\n    <!---->\n    <!---->\n    <div class=\"h-section-grid-container h-section-boxed-container\">\n      <!---->\n      <div data-colibri-id=\"28-c3\" class=\"h-row-container gutters-row-lg-0 gutters-row-md-0 gutters-row-2 gutters-row-v-lg-0 gutters-row-v-md-0 gutters-row-v-2 style-208 style-local-28-c3 position-relative\">\n        <!---->\n        <div class=\"h-row justify-content-lg-center justify-content-md-center justify-content-center align-items-lg-stretch align-items-md-stretch align-items-stretch gutters-col-lg-0 gutters-col-md-0 gutters-col-2 gutters-col-v-lg-0 gutters-col-v-md-0 gutters-col-v-2\">\n          <!---->\n          <div class=\"h-column h-column-container d-flex h-col-lg-3 h-col-md-3 h-col-12 style-209-outer style-local-28-c4-outer\">\n            <div data-colibri-id=\"28-c4\" class=\"d-flex h-flex-basis h-column__inner h-px-lg-3 h-px-md-3 h-px-2 v-inner-lg-3 v-inner-md-3 v-inner-2 style-209 style-local-28-c4 position-relative\">\n              <!---->\n              <!---->\n              <div class=\"w-100 h-y-container h-column__content h-column__v-align flex-basis-100 align-self-lg-center align-self-md-center align-self-center\">\n                <!---->\n                <div data-colibri-id=\"28-c5\" class=\"h-icon style-210 style-local-28-c5 position-relative h-element\">\n                  <!---->\n                  <a href=\"\/wp_afic\/contato\/\" h-use-smooth-scroll=\"true\"><span class=\"h-svg-icon h-icon__icon style-210-icon style-local-28-c5-icon\"><!--Icon by Font Awesome (https:\/\/fontawesome.com)--><svg version=\"1.1\" xmlns=\"http:\/\/www.w3.org\/2000\/svg\" xmlns:xlink=\"http:\/\/www.w3.org\/1999\/xlink\" id=\"home\" viewBox=\"0 0 1664 1896.0833\"><path d=\"M1408 992v480q0 26-19 45t-45 19H960v-384H704v384H320q-26 0-45-19t-19-45V992q0-1 .5-3t.5-3l575-474 575 474q1 2 1 6zm223-69l-62 74q-8 9-21 11h-3q-13 0-21-7L832 424l-692 577q-12 8-24 7-13-2-21-11l-62-74q-8-10-7-23.5T37 878l719-599q32-26 76-26t76 26l244 204V288q0-14 9-23t23-9h192q14 0 23 9t9 23v408l219 182q10 8 11 21.5t-7 23.5z\"><\/path><\/svg><\/span><\/a>\n                <\/div>\n                <div data-colibri-id=\"28-c6\" class=\"h-global-transition-all h-heading style-211 style-local-28-c6 position-relative h-element\">\n                  <!---->\n                  <div class=\"h-heading__outer style-211 style-local-28-c6\">\n                    <!---->\n                    <!---->\n                    <h5 class=\"\">Abra sua empresa sem sair de casa.<\/h5>\n                  <\/div>\n                <\/div>\n                <div data-colibri-id=\"28-c7\" class=\"h-text h-text-component style-212 style-local-28-c7 position-relative h-element\">\n                  <!---->\n                  <!---->\n                  <div class=\"\">\n                    <p>Sua empresa aberta na comodidade do seu &#8220;home office&#8221;.<\/p>\n                  <\/div>\n                <\/div>\n              <\/div>\n            <\/div>\n          <\/div>\n          <div class=\"h-column h-column-container d-flex h-col-lg-3 h-col-md-3 h-col-12 style-209-outer style-local-28-c8-outer\">\n            <div data-colibri-id=\"28-c8\" class=\"d-flex h-flex-basis h-column__inner h-px-lg-3 h-px-md-3 h-px-2 v-inner-lg-3 v-inner-md-3 v-inner-2 style-209 style-local-28-c8 position-relative\">\n              <!---->\n              <!---->\n              <div class=\"w-100 h-y-container h-column__content h-column__v-align flex-basis-100 align-self-lg-center align-self-md-center align-self-center\">\n                <!---->\n                <div data-colibri-id=\"28-c9\" class=\"h-icon style-210 style-local-28-c9 position-relative h-element\">\n                  <!---->\n                  <a href=\"\/wp_afic\/contato\/\" h-use-smooth-scroll=\"true\"><span class=\"h-svg-icon h-icon__icon style-210-icon style-local-28-c9-icon\"><!--Icon by Font Awesome (https:\/\/fontawesome.com)--><svg version=\"1.1\" xmlns=\"http:\/\/www.w3.org\/2000\/svg\" xmlns:xlink=\"http:\/\/www.w3.org\/1999\/xlink\" id=\"signal\" viewBox=\"0 0 1792 1896.0833\"><path d=\"M256 1440v192q0 14-9 23t-23 9H32q-14 0-23-9t-9-23v-192q0-14 9-23t23-9h192q14 0 23 9t9 23zm384-128v320q0 14-9 23t-23 9H416q-14 0-23-9t-9-23v-320q0-14 9-23t23-9h192q14 0 23 9t9 23zm384-256v576q0 14-9 23t-23 9H800q-14 0-23-9t-9-23v-576q0-14 9-23t23-9h192q14 0 23 9t9 23zm384-384v960q0 14-9 23t-23 9h-192q-14 0-23-9t-9-23V672q0-14 9-23t23-9h192q14 0 23 9t9 23zm384-512v1472q0 14-9 23t-23 9h-192q-14 0-23-9t-9-23V160q0-14 9-23t23-9h192q14 0 23 9t9 23z\"><\/path><\/svg><\/span><\/a>\n                <\/div>\n                <div data-colibri-id=\"28-c10\" class=\"h-global-transition-all h-heading style-211 style-local-28-c10 position-relative h-element\">\n                  <!---->\n                  <div class=\"h-heading__outer style-211 style-local-28-c10\">\n                    <!---->\n                    <!---->\n                    <h5 class=\"\">Transfira sua empresa para AFIC<\/h5>\n                  <\/div>\n                <\/div>\n                <div data-colibri-id=\"28-c11\" class=\"h-text h-text-component style-212 style-local-28-c11 position-relative h-element\">\n                  <!---->\n                  <!---->\n                  <div class=\"\">\n                    <p>Custos Acess\u00edveis, Rapidez e Efici\u00eancia.<\/p>\n                  <\/div>\n                <\/div>\n              <\/div>\n            <\/div>\n          <\/div>\n          <div class=\"h-column h-column-container d-flex h-col-lg-3 h-col-md-3 h-col-12 style-209-outer style-local-28-c12-outer\">\n            <div data-colibri-id=\"28-c12\" class=\"d-flex h-flex-basis h-column__inner h-px-lg-3 h-px-md-3 h-px-2 v-inner-lg-3 v-inner-md-3 v-inner-2 style-209 style-local-28-c12 position-relative\">\n              <!---->\n              <!---->\n              <div class=\"w-100 h-y-container h-column__content h-column__v-align flex-basis-100 align-self-lg-center align-self-md-center align-self-center\">\n                <!---->\n                <div data-colibri-id=\"28-c13\" class=\"h-icon style-210 style-local-28-c13 position-relative h-element\">\n                  <!---->\n                  <a href=\"\/wp_afic\/contato\/\" h-use-smooth-scroll=\"true\"><span class=\"h-svg-icon h-icon__icon style-210-icon style-local-28-c13-icon\"><!--Icon by Icons8 Line Awesome (https:\/\/icons8.com\/line-awesome)--><svg version=\"1.1\" xmlns=\"http:\/\/www.w3.org\/2000\/svg\" xmlns:xlink=\"http:\/\/www.w3.org\/1999\/xlink\" id=\"cubes\" viewBox=\"0 0 512 545.5\"><path d=\"M256 96l6 2.5 96 38.5 10 4v107.5l86.5 37.5 9.5 4.5v129l-8 5-96 53.5-7.5 4-7.5-3.5-89-44.5-89 44.5-7.5 3.5-7.5-4-96-53.5-8-5v-129l9.5-4.5 86.5-37.5V141l10-4 96-38.5zm0 35l-52.5 20.5L256 172l52.5-20.5zm-80 44v74l64 28.5v-78zm160 0l-64 24.5v78l64-28.5v-74zM160 277l-58 25 58 29 58-28.5zm192 0l-40 17.5-18 8 58 28.5 58-29zM80 326.5V401l64 36v-78.5zm352 0l-64 32V437l64-36v-74.5zm-192 1l-64 31V438l64-32v-78.5zm32 0V406l64 32v-79.5z\"><\/path><\/svg><\/span><\/a>\n                <\/div>\n                <div data-colibri-id=\"28-c14\" class=\"h-global-transition-all h-heading style-211 style-local-28-c14 position-relative h-element\">\n                  <!---->\n                  <div class=\"h-heading__outer style-211 style-local-28-c14\">\n                    <!---->\n                    <!---->\n                    <h5 class=\"\">Emprendedorismo na medida certa<\/h5>\n                  <\/div>\n                <\/div>\n                <div data-colibri-id=\"28-c15\" class=\"h-text h-text-component style-212 style-local-28-c15 position-relative h-element\">\n                  <!---->\n                  <!---->\n                  <div class=\"\">\n                    <p>Te ajudaremos no seu projeto. Seja um empreendedor.<\/p>\n                  <\/div>\n                <\/div>\n              <\/div>\n            <\/div>\n          <\/div>\n          <div class=\"h-column h-column-container d-flex h-col-lg-3 h-col-md-3 h-col-12 style-213-outer style-local-28-c16-outer\">\n            <div data-colibri-id=\"28-c16\" class=\"d-flex h-flex-basis h-column__inner h-px-lg-3 h-px-md-3 h-px-2 v-inner-lg-3 v-inner-md-3 v-inner-2 style-213 style-local-28-c16 position-relative\">\n              <!---->\n              <!---->\n              <div class=\"w-100 h-y-container h-column__content h-column__v-align flex-basis-100 align-self-lg-center align-self-md-center align-self-center\">\n                <!---->\n                <div data-colibri-id=\"28-c17\" class=\"h-icon style-210 style-local-28-c17 position-relative h-element\">\n                  <!---->\n                  <a href=\"\/wp_afic\/sede-virtual\/\" h-use-smooth-scroll=\"true\"><span class=\"h-svg-icon h-icon__icon style-210-icon style-local-28-c17-icon\"><!--Icon by Font Awesome (https:\/\/fontawesome.com)--><svg version=\"1.1\" xmlns=\"http:\/\/www.w3.org\/2000\/svg\" xmlns:xlink=\"http:\/\/www.w3.org\/1999\/xlink\" id=\"database\" viewBox=\"0 0 1542.7035 1896.0833\"><path d=\"M768 768q237 0 443-43t325-127v170q0 69-103 128t-280 93.5-385 34.5-385-34.5T103 896 0 768V598q119 84 325 127t443 43zm0 768q237 0 443-43t325-127v170q0 69-103 128t-280 93.5-385 34.5-385-34.5-280-93.5T0 1536v-170q119 84 325 127t443 43zm0-384q237 0 443-43t325-127v170q0 69-103 128t-280 93.5-385 34.5-385-34.5-280-93.5T0 1152V982q119 84 325 127t443 43zM768 0q208 0 385 34.5t280 93.5 103 128v128q0 69-103 128t-280 93.5T768 640t-385-34.5T103 512 0 384V256q0-69 103-128t280-93.5T768 0z\"><\/path><\/svg><\/span><\/a>\n                <\/div>\n                <div data-colibri-id=\"28-c18\" class=\"h-global-transition-all h-heading style-211 style-local-28-c18 position-relative h-element\">\n                  <!---->\n                  <div class=\"h-heading__outer style-211 style-local-28-c18\">\n                    <!---->\n                    <!---->\n                    <h5 class=\"\">Sede virtual gratuita para seu neg\u00f3cio.<\/h5>\n                  <\/div>\n                <\/div>\n                <div data-colibri-id=\"28-c19\" class=\"h-text h-text-component style-212 style-local-28-c19 position-relative h-element\">\n                  <!---->\n                  <!---->\n                  <div class=\"\">\n                    <p>Empreenda sem complica\u00e7\u00e3o e burocracia.<\/p>\n                  <\/div>\n                <\/div>\n              <\/div>\n            <\/div>\n          <\/div>\n        <\/div>\n      <\/div>\n    <\/div>\n  <\/div>\n  <div data-colibri-component=\"section\" data-colibri-id=\"28-c20\" id=\"cta\" class=\"h-section h-section-global-spacing d-flex align-items-lg-center align-items-md-center align-items-center style-214 style-local-28-c20 position-relative\">\n    <!---->\n    <!---->\n    <div class=\"h-section-grid-container h-section-boxed-container\">\n      <!---->\n      <div data-colibri-id=\"28-c21\" class=\"h-row-container gutters-row-lg-2 gutters-row-md-2 gutters-row-0 gutters-row-v-lg-2 gutters-row-v-md-2 gutters-row-v-2 style-215 style-local-28-c21 position-relative\">\n        <!---->\n        <div class=\"h-row justify-content-lg-center justify-content-md-center justify-content-center align-items-lg-stretch align-items-md-stretch align-items-stretch gutters-col-lg-2 gutters-col-md-2 gutters-col-0 gutters-col-v-lg-2 gutters-col-v-md-2 gutters-col-v-2\">\n          <!---->\n          <div class=\"h-column h-column-container d-flex h-col-lg h-col-md h-col-auto style-216-outer style-local-28-c22-outer\">\n            <div data-colibri-id=\"28-c22\" class=\"d-flex h-flex-basis h-column__inner h-px-lg-0 h-px-md-0 h-px-2 v-inner-lg-0 v-inner-md-0 v-inner-2 style-216 style-local-28-c22 position-relative\">\n              <!---->\n              <!---->\n              <div class=\"w-100 h-y-container h-column__content h-column__v-align flex-basis-100 align-self-lg-center align-self-md-center align-self-center\">\n                <!---->\n                <div data-colibri-id=\"28-c23\" class=\"h-global-transition-all h-heading style-217 style-local-28-c23 position-relative h-element\">\n                  <!---->\n                  <div class=\"h-heading__outer style-217 style-local-28-c23\">\n                    <!---->\n                    <!---->\n                    <h2 class=\"\">Agende&nbsp; uma consulta conosco!\n                      <br>Leva s\u00f3 1 minuto!<\/h2>\n                  <\/div>\n                <\/div>\n              <\/div>\n            <\/div>\n          <\/div>\n          <div class=\"h-column h-column-container d-flex h-col-lg-auto h-col-md-auto h-col-auto style-218-outer style-local-28-c24-outer\">\n            <div data-colibri-id=\"28-c24\" class=\"d-flex h-flex-basis h-column__inner h-px-lg-0 h-px-md-0 h-px-2 v-inner-lg-0 v-inner-md-0 v-inner-2 style-218 style-local-28-c24 position-relative\">\n              <!---->\n              <!---->\n              <div class=\"w-100 h-y-container h-column__content h-column__v-align flex-basis-auto align-self-lg-center align-self-md-center align-self-center\">\n                <!---->\n                <div data-colibri-id=\"28-c25\" class=\"h-x-container style-219 style-local-28-c25 position-relative h-element\">\n                  <!---->\n                  <div class=\"h-x-container-inner style-dynamic-28-c25-group style-219-spacing style-local-28-c25-spacing\"><span class=\"h-button__outer style-220-outer style-local-28-c26-outer d-inline-flex h-element\"><a h-use-smooth-scroll=\"true\" href=\"\/wp_afic\/contato\/\"  data-colibri-id=\"28-c26\" class=\"d-flex w-100 align-items-center h-button justify-content-lg-center justify-content-md-center justify-content-center style-220 style-local-28-c26 position-relative\"><!----><!----> <span>Agende Uma Consulta<\/span><\/a>\n                    <\/span>\n                  <\/div>\n                <\/div>\n              <\/div>\n            <\/div>\n          <\/div>\n        <\/div>\n      <\/div>\n    <\/div>\n  <\/div>\n<\/div>","protected":false},"excerpt":{"rendered":"<p>Abra sua empresa sem sair de casa. Sua empresa aberta na comodidade do seu &#8220;home office&#8221;. Transfira sua empresa para AFIC Custos Acess\u00edveis, Rapidez e Efici\u00eancia. Emprendedorismo na medida certa Te ajudaremos no seu projeto. Seja um empreendedor. Sede virtual gratuita para seu neg\u00f3cio. Empreenda sem complica\u00e7\u00e3o e burocracia. Agende&nbsp; uma consulta conosco! Leva s\u00f3 [&hellip;]<\/p>\n","protected":false},"author":1,"featured_media":0,"parent":0,"menu_order":0,"comment_status":"closed","ping_status":"closed","template":"page-templates\/full-width-page.php","meta":{"_coblocks_attr":"","_coblocks_dimensions":"","_coblocks_responsive_height":"","_coblocks_accordion_ie_support":""},"_links":{"self":[{"href":"https:\/\/www.aficcontabil.com.br\/wp_afic\/wp-json\/wp\/v2\/pages\/28"}],"collection":[{"href":"https:\/\/www.aficcontabil.com.br\/wp_afic\/wp-json\/wp\/v2\/pages"}],"about":[{"href":"https:\/\/www.aficcontabil.com.br\/wp_afic\/wp-json\/wp\/v2\/types\/page"}],"author":[{"embeddable":true,"href":"https:\/\/www.aficcontabil.com.br\/wp_afic\/wp-json\/wp\/v2\/users\/1"}],"replies":[{"embeddable":true,"href":"https:\/\/www.aficcontabil.com.br\/wp_afic\/wp-json\/wp\/v2\/comments?post=28"}],"version-history":[{"count":20,"href":"https:\/\/www.aficcontabil.com.br\/wp_afic\/wp-json\/wp\/v2\/pages\/28\/revisions"}],"predecessor-version":[{"id":961,"href":"https:\/\/www.aficcontabil.com.br\/wp_afic\/wp-json\/wp\/v2\/pages\/28\/revisions\/961"}],"wp:attachment":[{"href":"https:\/\/www.aficcontabil.com.br\/wp_afic\/wp-json\/wp\/v2\/media?parent=28"}],"curies":[{"name":"wp","href":"https:\/\/api.w.org\/{rel}","templated":true}]}}