{"id":29,"date":"2021-02-10T16:50:40","date_gmt":"2021-02-10T16:50:40","guid":{"rendered":"https:\/\/www.aficcontabil.com.br\/wp_afic\/?page_id=29"},"modified":"2022-06-09T22:04:03","modified_gmt":"2022-06-09T22:04:03","slug":"planos","status":"publish","type":"page","link":"https:\/\/www.aficcontabil.com.br\/wp_afic\/planos\/","title":{"rendered":"CONTABILIDADE DIGITAL (Planos)"},"content":{"rendered":"<div data-colibri-id=\"29-c1\" class=\"style-318 style-local-29-c1 position-relative\">\n  <!---->\n  <div data-colibri-component=\"section\" data-colibri-id=\"29-c2\" id=\"overlappable\" class=\"h-section h-section-global-spacing d-flex align-items-lg-center align-items-md-center align-items-center style-323 style-local-29-c2 position-relative\">\n    <!---->\n    <!---->\n    <div class=\"h-section-grid-container h-section-boxed-container\">\n      <!---->\n      <div data-colibri-id=\"29-c3\" class=\"h-row-container gutters-row-lg-0 gutters-row-md-0 gutters-row-2 gutters-row-v-lg-0 gutters-row-v-md-0 gutters-row-v-2 style-324 style-local-29-c3 position-relative\">\n        <!---->\n        <div class=\"h-row justify-content-lg-center justify-content-md-center justify-content-center align-items-lg-stretch align-items-md-stretch align-items-stretch gutters-col-lg-0 gutters-col-md-0 gutters-col-2 gutters-col-v-lg-0 gutters-col-v-md-0 gutters-col-v-2\">\n          <!---->\n          <div class=\"h-column h-column-container d-flex h-col-lg-4 h-col-md-4 h-col-12 style-325-outer style-local-29-c4-outer\">\n            <div data-colibri-id=\"29-c4\" class=\"d-flex h-flex-basis h-column__inner h-px-lg-3 h-px-md-3 h-px-2 v-inner-lg-3 v-inner-md-3 v-inner-2 style-325 style-local-29-c4 position-relative\">\n              <!---->\n              <!---->\n              <div class=\"w-100 h-y-container h-column__content h-column__v-align flex-basis-100 align-self-lg-start align-self-md-start align-self-start\">\n                <!---->\n                <div data-colibri-id=\"29-c5\" class=\"h-icon style-326 style-local-29-c5 position-relative h-element\">\n                  <!---->\n                  <a href=\"\/wp_afic\/solicitar-proposta-planos\/\" h-use-smooth-scroll=\"true\"><span class=\"h-svg-icon h-icon__icon style-326-icon style-local-29-c5-icon\"><!--Icon by Icons8 Line Awesome (https:\/\/icons8.com\/line-awesome)--><svg version=\"1.1\" xmlns=\"http:\/\/www.w3.org\/2000\/svg\" xmlns:xlink=\"http:\/\/www.w3.org\/1999\/xlink\" id=\"paper-plane\" viewBox=\"0 0 512 545.5\"><path d=\"M57.5 117.5L86 129l352 144 36.5 15-36.5 15L86 447l-28.5 11.5 7-30 31-140.5-31-140.5zm44.5 53L124.5 272h226zM124.5 304L102 405.5 350.5 304h-226z\"><\/path><\/svg><\/span><\/a>\n                <\/div>\n                <div data-colibri-id=\"29-c6\" class=\"h-global-transition-all h-heading style-327 style-local-29-c6 position-relative h-element\">\n                  <!---->\n                  <div class=\"h-heading__outer style-327 style-local-29-c6\">\n                    <!---->\n                    <!---->\n                    <h5 class=\"\">PLANO B\u00c1SICO&nbsp;<\/h5>\n                  <\/div>\n                <\/div>\n                <div data-colibri-id=\"29-c7\" class=\"h-text h-text-component style-328 style-local-29-c7 position-relative h-element\">\n                  <!---->\n                  <!---->\n                  <div class=\"\">\n                    <p>At\u00e9 70K \/M\u00eas<\/p>\n                    <p>Contabilidade digital<\/p>\n                    <p>Imposto<\/p>\n                    <p>Suporte online<\/p>\n                    <p>Sede virtual\n                      <br>\n                    <\/p>\n                    <p>\n                      <br>\n                    <\/p>\n                  <\/div>\n                <\/div>\n                <div data-colibri-id=\"29-c8\" class=\"h-x-container style-329 style-local-29-c8 position-relative h-element\">\n                  <!---->\n                  <div class=\"h-x-container-inner style-dynamic-29-c8-group style-329-spacing style-local-29-c8-spacing\"><span class=\"h-link__outer style-330-outer style-local-29-c9-outer d-inline-flex h-element\"><a h-use-smooth-scroll=\"true\" href=\"\/wp_afic\/solicitar-proposta-planos\/\"  data-colibri-id=\"29-c9\" class=\"d-flex w-100 align-items-center h-link style-330 style-local-29-c9 position-relative\"><!----><!----> <span>Solicite Proposta!<\/span>                    <span class=\"h-svg-icon h-link__icon style-330-icon style-local-29-c9-icon\"><!--Icon by Icons8 Line Awesome (https:\/\/icons8.com\/line-awesome)--><svg version=\"1.1\" xmlns=\"http:\/\/www.w3.org\/2000\/svg\" xmlns:xlink=\"http:\/\/www.w3.org\/1999\/xlink\" id=\"angle-double-right\" viewBox=\"0 0 512 545.5\"><path d=\"M145.5 108.5l168 168L325 288l-11.5 11.5-168 168-22.5-23L279.5 288 123 131.5zm112 0l168 168L437 288l-11.5 11.5-168 168-22.5-23L391.5 288 235 131.5z\"><\/path><\/svg><\/span><\/a>\n                    <\/span>\n                  <\/div>\n                <\/div>\n              <\/div>\n            <\/div>\n          <\/div>\n          <div class=\"h-column h-column-container d-flex h-col-lg-4 h-col-md-4 h-col-12 style-325-outer style-local-29-c10-outer\">\n            <div data-colibri-id=\"29-c10\" class=\"d-flex h-flex-basis h-column__inner h-px-lg-3 h-px-md-3 h-px-2 v-inner-lg-3 v-inner-md-3 v-inner-2 style-325 style-local-29-c10 position-relative\">\n              <!---->\n              <!---->\n              <div class=\"w-100 h-y-container h-column__content h-column__v-align flex-basis-100 align-self-lg-start align-self-md-start align-self-start\">\n                <!---->\n                <div data-colibri-id=\"29-c11\" class=\"h-icon style-326 style-local-29-c11 position-relative h-element\">\n                  <!---->\n                  <a href=\"\/wp_afic\/solicitar-proposta-planos\/\" h-use-smooth-scroll=\"true\"><span class=\"h-svg-icon h-icon__icon style-326-icon style-local-29-c11-icon\"><!--Icon by Icons8 Line Awesome (https:\/\/icons8.com\/line-awesome)--><svg version=\"1.1\" xmlns=\"http:\/\/www.w3.org\/2000\/svg\" xmlns:xlink=\"http:\/\/www.w3.org\/1999\/xlink\" id=\"cubes\" viewBox=\"0 0 512 545.5\"><path d=\"M256 96l6 2.5 96 38.5 10 4v107.5l86.5 37.5 9.5 4.5v129l-8 5-96 53.5-7.5 4-7.5-3.5-89-44.5-89 44.5-7.5 3.5-7.5-4-96-53.5-8-5v-129l9.5-4.5 86.5-37.5V141l10-4 96-38.5zm0 35l-52.5 20.5L256 172l52.5-20.5zm-80 44v74l64 28.5v-78zm160 0l-64 24.5v78l64-28.5v-74zM160 277l-58 25 58 29 58-28.5zm192 0l-40 17.5-18 8 58 28.5 58-29zM80 326.5V401l64 36v-78.5zm352 0l-64 32V437l64-36v-74.5zm-192 1l-64 31V438l64-32v-78.5zm32 0V406l64 32v-79.5z\"><\/path><\/svg><\/span><\/a>\n                <\/div>\n                <div data-colibri-id=\"29-c12\" class=\"h-global-transition-all h-heading style-327 style-local-29-c12 position-relative h-element\">\n                  <!---->\n                  <div class=\"h-heading__outer style-327 style-local-29-c12\">\n                    <!---->\n                    <!---->\n                    <h5 class=\"\">PLANO INTERMEDI\u00c1RIO<\/h5>\n                  <\/div>\n                <\/div>\n                <div data-colibri-id=\"29-c13\" class=\"h-text h-text-component style-328 style-local-29-c13 position-relative h-element\">\n                  <!---->\n                  <!---->\n                  <div class=\"\">\n                    <p><span style=\"color: rgb(64, 85, 169); font-family: Lato; font-size: 16px; font-weight: 400;\">At\u00e9 150K \/M\u00eas<\/span><\/p>\n                    <p>Contabilidade digital<\/p>\n                    <p>Imposto<\/p>\n                    <p>Suporte online<\/p>\n                    <p>Sede virtual<\/p>\n                    <p>\n                      <br>\n                    <\/p>\n                  <\/div>\n                <\/div>\n                <div data-colibri-id=\"29-c14\" class=\"h-x-container style-329 style-local-29-c14 position-relative h-element\">\n                  <!---->\n                  <div class=\"h-x-container-inner style-dynamic-29-c14-group style-329-spacing style-local-29-c14-spacing\"><span class=\"h-link__outer style-330-outer style-local-29-c15-outer d-inline-flex h-element\"><a h-use-smooth-scroll=\"true\" href=\"\/wp_afic\/solicitar-proposta-planos\/\"  data-colibri-id=\"29-c15\" class=\"d-flex w-100 align-items-center h-link style-330 style-local-29-c15 position-relative\"><!----><!----> <span>Solicite Proposta!<\/span>                    <span class=\"h-svg-icon h-link__icon style-330-icon style-local-29-c15-icon\"><!--Icon by Icons8 Line Awesome (https:\/\/icons8.com\/line-awesome)--><svg version=\"1.1\" xmlns=\"http:\/\/www.w3.org\/2000\/svg\" xmlns:xlink=\"http:\/\/www.w3.org\/1999\/xlink\" id=\"angle-double-right\" viewBox=\"0 0 512 545.5\"><path d=\"M145.5 108.5l168 168L325 288l-11.5 11.5-168 168-22.5-23L279.5 288 123 131.5zm112 0l168 168L437 288l-11.5 11.5-168 168-22.5-23L391.5 288 235 131.5z\"><\/path><\/svg><\/span><\/a>\n                    <\/span>\n                  <\/div>\n                <\/div>\n              <\/div>\n            <\/div>\n          <\/div>\n          <div class=\"h-column h-column-container d-flex h-col-lg-4 h-col-md-4 h-col-12 style-325-outer style-local-29-c16-outer\">\n            <div data-colibri-id=\"29-c16\" class=\"d-flex h-flex-basis h-column__inner h-px-lg-3 h-px-md-3 h-px-2 v-inner-lg-3 v-inner-md-3 v-inner-2 style-325 style-local-29-c16 position-relative\">\n              <!---->\n              <!---->\n              <div class=\"w-100 h-y-container h-column__content h-column__v-align flex-basis-100 align-self-lg-start align-self-md-start align-self-start\">\n                <!---->\n                <div data-colibri-id=\"29-c17\" class=\"h-icon style-326 style-local-29-c17 position-relative h-element\">\n                  <!---->\n                  <a href=\"\/wp_afic\/solicitar-proposta-planos\/\" h-use-smooth-scroll=\"true\"><span class=\"h-svg-icon h-icon__icon style-326-icon style-local-29-c17-icon\"><!--Icon by Icons8 Line Awesome (https:\/\/icons8.com\/line-awesome)--><svg version=\"1.1\" xmlns=\"http:\/\/www.w3.org\/2000\/svg\" xmlns:xlink=\"http:\/\/www.w3.org\/1999\/xlink\" id=\"area-chart\" viewBox=\"0 0 512 545.5\"><path d=\"M448 97v383H64V204.5l19 4 73 14.5 91-60.5 5.5-3.5 6 1 89.5 15 74-58zm-32 65.5l-54 42-5.5 4.5-7-1-90-15-90.5 60.5-5.5 3.5-6.5-1.5-61-12V309l62 25 89-59.5 6.5-4 7.5 2.5 87.5 29 67.5-53.5v-86zm0 127l-54 43-7 5.5-8-3-88-29.5-90 60-7 4.5-8-3-58-23v104h320V289.5z\"><\/path><\/svg><\/span><\/a>\n                <\/div>\n                <div data-colibri-id=\"29-c18\" class=\"h-global-transition-all h-heading style-327 style-local-29-c18 position-relative h-element\">\n                  <!---->\n                  <div class=\"h-heading__outer style-327 style-local-29-c18\">\n                    <!---->\n                    <!---->\n                    <h5 class=\"\">PlANO PREMIUM<\/h5>\n                  <\/div>\n                <\/div>\n                <div data-colibri-id=\"29-c19\" class=\"h-text h-text-component style-328 style-local-29-c19 position-relative h-element\">\n                  <!---->\n                  <!---->\n                  <div class=\"\">\n                    <p>A<span style=\"color: rgb(64, 85, 169); font-family: Lato; font-size: 16px; font-weight: 400;\">t\u00e9 400K \/M\u00eas<\/span><\/p>\n                    <p>Contabilidade digital<\/p>\n                    <p>Imposto<\/p>\n                    <p>Suporte online<\/p>\n                    <p>Sede virtual<\/p>\n                    <p>\n                      <br>\n                    <\/p>\n                  <\/div>\n                <\/div>\n                <div data-colibri-id=\"29-c20\" class=\"h-x-container style-329 style-local-29-c20 position-relative h-element\">\n                  <!---->\n                  <div class=\"h-x-container-inner style-dynamic-29-c20-group style-329-spacing style-local-29-c20-spacing\"><span class=\"h-link__outer style-330-outer style-local-29-c21-outer d-inline-flex h-element\"><a h-use-smooth-scroll=\"true\" href=\"\/wp_afic\/solicitar-proposta-planos\/\"  data-colibri-id=\"29-c21\" class=\"d-flex w-100 align-items-center h-link style-330 style-local-29-c21 position-relative\"><!----><!----> <span>Solicite Proposta!<\/span>                    <span class=\"h-svg-icon h-link__icon style-330-icon style-local-29-c21-icon\"><!--Icon by Icons8 Line Awesome (https:\/\/icons8.com\/line-awesome)--><svg version=\"1.1\" xmlns=\"http:\/\/www.w3.org\/2000\/svg\" xmlns:xlink=\"http:\/\/www.w3.org\/1999\/xlink\" id=\"angle-double-right\" viewBox=\"0 0 512 545.5\"><path d=\"M145.5 108.5l168 168L325 288l-11.5 11.5-168 168-22.5-23L279.5 288 123 131.5zm112 0l168 168L437 288l-11.5 11.5-168 168-22.5-23L391.5 288 235 131.5z\"><\/path><\/svg><\/span><\/a>\n                    <\/span>\n                  <\/div>\n                <\/div>\n              <\/div>\n            <\/div>\n          <\/div>\n        <\/div>\n      <\/div>\n    <\/div>\n  <\/div>\n<\/div>","protected":false},"excerpt":{"rendered":"<p>PLANO B\u00c1SICO&nbsp; At\u00e9 70K \/M\u00eas Contabilidade digital Imposto Suporte online Sede virtual Solicite Proposta! PLANO INTERMEDI\u00c1RIO At\u00e9 150K \/M\u00eas Contabilidade digital Imposto Suporte online Sede virtual Solicite Proposta! PlANO PREMIUM At\u00e9 400K \/M\u00eas Contabilidade digital Imposto Suporte online Sede virtual Solicite Proposta!<\/p>\n","protected":false},"author":1,"featured_media":0,"parent":0,"menu_order":0,"comment_status":"closed","ping_status":"closed","template":"page-templates\/full-width-page.php","meta":{"_coblocks_attr":"","_coblocks_dimensions":"","_coblocks_responsive_height":"","_coblocks_accordion_ie_support":""},"_links":{"self":[{"href":"https:\/\/www.aficcontabil.com.br\/wp_afic\/wp-json\/wp\/v2\/pages\/29"}],"collection":[{"href":"https:\/\/www.aficcontabil.com.br\/wp_afic\/wp-json\/wp\/v2\/pages"}],"about":[{"href":"https:\/\/www.aficcontabil.com.br\/wp_afic\/wp-json\/wp\/v2\/types\/page"}],"author":[{"embeddable":true,"href":"https:\/\/www.aficcontabil.com.br\/wp_afic\/wp-json\/wp\/v2\/users\/1"}],"replies":[{"embeddable":true,"href":"https:\/\/www.aficcontabil.com.br\/wp_afic\/wp-json\/wp\/v2\/comments?post=29"}],"version-history":[{"count":9,"href":"https:\/\/www.aficcontabil.com.br\/wp_afic\/wp-json\/wp\/v2\/pages\/29\/revisions"}],"predecessor-version":[{"id":975,"href":"https:\/\/www.aficcontabil.com.br\/wp_afic\/wp-json\/wp\/v2\/pages\/29\/revisions\/975"}],"wp:attachment":[{"href":"https:\/\/www.aficcontabil.com.br\/wp_afic\/wp-json\/wp\/v2\/media?parent=29"}],"curies":[{"name":"wp","href":"https:\/\/api.w.org\/{rel}","templated":true}]}}