{"id":32,"date":"2021-02-10T16:50:40","date_gmt":"2021-02-10T16:50:40","guid":{"rendered":"https:\/\/www.aficcontabil.com.br\/wp_afic\/?page_id=32"},"modified":"2022-06-09T22:11:07","modified_gmt":"2022-06-09T22:11:07","slug":"prestador-de-servicos","status":"publish","type":"page","link":"https:\/\/www.aficcontabil.com.br\/wp_afic\/prestador-de-servicos\/","title":{"rendered":"Prestador de Servi\u00e7os"},"content":{"rendered":"<div data-colibri-id=\"32-c1\" class=\"style-407 style-local-32-c1 position-relative\">\n  <!---->\n  <div data-colibri-component=\"section\" data-colibri-id=\"32-c2\" id=\"about\" class=\"h-section h-section-global-spacing d-flex align-items-lg-center align-items-md-center align-items-center style-415 style-local-32-c2 position-relative\">\n    <!---->\n    <!---->\n    <div class=\"h-section-grid-container h-section-boxed-container\">\n      <div data-colibri-id=\"32-c7\" class=\"h-row-container gutters-row-lg-2 gutters-row-md-2 gutters-row-2 gutters-row-v-lg-2 gutters-row-v-md-2 gutters-row-v-2 style-420 style-local-32-c7 position-relative\">\n        <!---->\n        <div class=\"h-row justify-content-lg-center justify-content-md-center justify-content-center align-items-lg-stretch align-items-md-stretch align-items-stretch gutters-col-lg-2 gutters-col-md-2 gutters-col-2 gutters-col-v-lg-2 gutters-col-v-md-2 gutters-col-v-2\">\n          <!---->\n          <div class=\"h-column h-column-container d-flex h-col-lg-auto h-col-md-auto h-col-auto style-421-outer style-local-32-c8-outer\">\n            <div data-colibri-id=\"32-c8\" class=\"d-flex h-flex-basis h-column__inner h-px-lg-2 h-px-md-2 h-px-2 v-inner-lg-2 v-inner-md-2 v-inner-2 style-421 style-local-32-c8 position-relative\">\n              <!---->\n              <!---->\n              <div class=\"w-100 h-y-container h-column__content h-column__v-align flex-basis-100 align-self-lg-start align-self-md-start align-self-start\">\n                <!---->\n                <div data-colibri-id=\"32-c9\" class=\"h-lead h-text h-text-component style-424 style-local-32-c9 position-relative h-element\">\n                  <!---->\n                  <!---->\n                  <div class=\"\">\n                    <p><span style=\"font-weight: 400; font-size: 16px; font-family: Lato; color: rgb(64, 85, 169);\">Se voc\u00ea \u00e9 um Prestador de Servi\u00e7os, regularize seus rendimentos com a com a AFIC Assessoria e Consultoria Cont\u00e1bil.<\/span><\/p>\n                  <\/div>\n                <\/div>\n                <div data-colibri-id=\"32-c10\" class=\"h-x-container style-425 style-local-32-c10 position-relative h-element\">\n                  <!---->\n                  <div class=\"h-x-container-inner style-dynamic-32-c10-group style-425-spacing style-local-32-c10-spacing\"><span class=\"h-button__outer style-426-outer style-local-32-c11-outer d-inline-flex h-element\"><a h-use-smooth-scroll=\"true\" href=\"\/wp_afic\/solicite\/\"  data-colibri-id=\"32-c11\" class=\"d-flex w-100 align-items-center h-button justify-content-lg-center justify-content-md-center justify-content-center style-426 style-local-32-c11 position-relative\"><!----><!----> <span>Solicite Proposta Online<\/span><\/a>\n                    <\/span>\n                  <\/div>\n                <\/div>\n              <\/div>\n            <\/div>\n          <\/div>\n        <\/div>\n      <\/div>\n      <div data-colibri-id=\"32-c3\" class=\"h-row-container gutters-row-lg-0 gutters-row-md-0 gutters-row-0 gutters-row-v-lg-0 gutters-row-v-md-0 gutters-row-v-0 style-416 style-local-32-c3 h-overflow-hidden position-relative\">\n        <!---->\n        <div class=\"h-row justify-content-lg-center justify-content-md-center justify-content-center align-items-lg-end align-items-md-end align-items-end gutters-col-lg-0 gutters-col-md-0 gutters-col-0 gutters-col-v-lg-0 gutters-col-v-md-0 gutters-col-v-0\">\n          <!---->\n          <div class=\"h-column h-column-container d-flex h-col-lg-auto h-col-md-auto h-col-auto align-self-lg-end align-self-md-end align-self-end style-417-outer style-local-32-c4-outer\">\n            <div data-colibri-id=\"32-c4\" class=\"d-flex h-flex-basis h-column__inner h-ui-empty-state-container h-px-lg-0 h-px-md-0 h-px-0 v-inner-lg-0 v-inner-md-0 v-inner-0 style-417 style-local-32-c4 position-relative\">\n              <!---->\n              <!---->\n              <div class=\"w-100 h-y-container h-column__content h-column__v-align flex-basis-100\">\n                <!---->\n              <\/div>\n            <\/div>\n          <\/div>\n          <div class=\"h-column h-column-container d-flex h-col-lg-auto h-col-md-auto h-col-auto align-self-lg-end align-self-md-end align-self-end style-418-outer style-local-32-c5-outer\">\n            <div data-colibri-id=\"32-c5\" class=\"d-flex h-flex-basis h-column__inner h-ui-empty-state-container h-px-lg-0 h-px-md-0 h-px-0 v-inner-lg-0 v-inner-md-0 v-inner-0 style-418 style-local-32-c5 position-relative\">\n              <!---->\n              <!---->\n              <div class=\"w-100 h-y-container h-column__content h-column__v-align flex-basis-100\">\n                <!---->\n              <\/div>\n            <\/div>\n          <\/div>\n          <div class=\"h-column h-column-container d-flex h-col-lg-auto h-col-md-auto h-col-auto align-self-lg-end align-self-md-end align-self-end style-419-outer style-local-32-c6-outer\">\n            <div data-colibri-id=\"32-c6\" class=\"d-flex h-flex-basis h-column__inner h-ui-empty-state-container h-px-lg-0 h-px-md-0 h-px-0 v-inner-lg-0 v-inner-md-0 v-inner-0 style-419 style-local-32-c6 position-relative\">\n              <!---->\n              <!---->\n              <div class=\"w-100 h-y-container h-column__content h-column__v-align flex-basis-100\">\n                <!---->\n              <\/div>\n            <\/div>\n          <\/div>\n        <\/div>\n      <\/div>\n    <\/div>\n  <\/div>\n<\/div>","protected":false},"excerpt":{"rendered":"<p>Se voc\u00ea \u00e9 um Prestador de Servi\u00e7os, regularize seus rendimentos com a com a AFIC Assessoria e Consultoria Cont\u00e1bil. Solicite Proposta Online<\/p>\n","protected":false},"author":1,"featured_media":0,"parent":0,"menu_order":0,"comment_status":"closed","ping_status":"closed","template":"page-templates\/full-width-page.php","meta":{"_coblocks_attr":"","_coblocks_dimensions":"","_coblocks_responsive_height":"","_coblocks_accordion_ie_support":""},"_links":{"self":[{"href":"https:\/\/www.aficcontabil.com.br\/wp_afic\/wp-json\/wp\/v2\/pages\/32"}],"collection":[{"href":"https:\/\/www.aficcontabil.com.br\/wp_afic\/wp-json\/wp\/v2\/pages"}],"about":[{"href":"https:\/\/www.aficcontabil.com.br\/wp_afic\/wp-json\/wp\/v2\/types\/page"}],"author":[{"embeddable":true,"href":"https:\/\/www.aficcontabil.com.br\/wp_afic\/wp-json\/wp\/v2\/users\/1"}],"replies":[{"embeddable":true,"href":"https:\/\/www.aficcontabil.com.br\/wp_afic\/wp-json\/wp\/v2\/comments?post=32"}],"version-history":[{"count":6,"href":"https:\/\/www.aficcontabil.com.br\/wp_afic\/wp-json\/wp\/v2\/pages\/32\/revisions"}],"predecessor-version":[{"id":1010,"href":"https:\/\/www.aficcontabil.com.br\/wp_afic\/wp-json\/wp\/v2\/pages\/32\/revisions\/1010"}],"wp:attachment":[{"href":"https:\/\/www.aficcontabil.com.br\/wp_afic\/wp-json\/wp\/v2\/media?parent=32"}],"curies":[{"name":"wp","href":"https:\/\/api.w.org\/{rel}","templated":true}]}}