{"id":33,"date":"2021-02-10T16:50:40","date_gmt":"2021-02-10T16:50:40","guid":{"rendered":"https:\/\/www.aficcontabil.com.br\/wp_afic\/?page_id=33"},"modified":"2022-06-09T22:03:01","modified_gmt":"2022-06-09T22:03:01","slug":"comercio","status":"publish","type":"page","link":"https:\/\/www.aficcontabil.com.br\/wp_afic\/comercio\/","title":{"rendered":"Com\u00e9rcio"},"content":{"rendered":"<div data-colibri-id=\"33-c1\" class=\"style-427 style-local-33-c1 position-relative\">\n  <!---->\n  <div data-colibri-component=\"section\" data-colibri-id=\"33-c2\" id=\"about\" class=\"h-section h-section-global-spacing d-flex align-items-lg-center align-items-md-center align-items-center style-435 style-local-33-c2 position-relative\">\n    <!---->\n    <!---->\n    <div class=\"h-section-grid-container h-section-boxed-container\">\n      <!---->\n      <div data-colibri-id=\"33-c3\" class=\"h-row-container gutters-row-lg-2 gutters-row-md-2 gutters-row-2 gutters-row-v-lg-2 gutters-row-v-md-2 gutters-row-v-2 style-436 style-local-33-c3 position-relative\">\n        <!---->\n        <div class=\"h-row justify-content-lg-center justify-content-md-center justify-content-center align-items-lg-stretch align-items-md-stretch align-items-stretch gutters-col-lg-2 gutters-col-md-2 gutters-col-2 gutters-col-v-lg-2 gutters-col-v-md-2 gutters-col-v-2\">\n          <!---->\n          <div class=\"h-column h-column-container d-flex h-col-lg-auto h-col-md-auto h-col-auto style-437-outer style-local-33-c4-outer\">\n            <div data-colibri-id=\"33-c4\" class=\"d-flex h-flex-basis h-column__inner h-px-lg-2 h-px-md-2 h-px-2 v-inner-lg-2 v-inner-md-2 v-inner-2 style-437 style-local-33-c4 position-relative\">\n              <!---->\n              <!---->\n              <div class=\"w-100 h-y-container h-column__content h-column__v-align flex-basis-100 align-self-lg-center align-self-md-center align-self-center\">\n                <!---->\n                <div data-colibri-id=\"33-c5\" class=\"h-text h-text-component style-440 style-local-33-c5 position-relative h-element\">\n                  <!---->\n                  <!---->\n                  <div class=\"\">\n                    <p>Se voc\u00ea tem, ou pretende abrir um comercio, conte com a AFIC Assessoria e Consultoria Cont\u00e1bil, para realizar todas\n                      <br>as burocracias cont\u00e1beis de sua empresa.\n                      <br> Facilitando o seu dia a dia, para que voc\u00ea foque mais tempo para alavancar seu comercio.<\/p>\n                    <p>Se voc\u00ea precisa de algum suporte de como realizar seu sonho de empreender,conte com a AFIC Assessoria e Consultoria Cont\u00e1bil, podemos dar todo osuporte intelectual, essencial para dar os primeiros passos do seu sonho.Ampliando a vis\u00e3o\n                      empreendedora e auxiliando em seus projetos.<\/p>\n                    <p>\n                      <br>\n                    <\/p>\n                  <\/div>\n                <\/div>\n                <div data-colibri-id=\"33-c6\" class=\"h-x-container style-441 style-local-33-c6 position-relative h-element\">\n                  <!---->\n                  <div class=\"h-x-container-inner style-dynamic-33-c6-group style-441-spacing style-local-33-c6-spacing\"><span class=\"h-button__outer style-442-outer style-local-33-c7-outer d-inline-flex h-element\"><a h-use-smooth-scroll=\"true\" href=\"\/wp_afic\/solicite\/\"  data-colibri-id=\"33-c7\" class=\"d-flex w-100 align-items-center h-button justify-content-lg-center justify-content-md-center justify-content-center style-442 style-local-33-c7 position-relative\"><!----><!----> <span>Solicite Proposta online<\/span><\/a>\n                    <\/span>\n                  <\/div>\n                <\/div>\n              <\/div>\n            <\/div>\n          <\/div>\n          <div class=\"h-column h-column-container d-flex h-col-lg-auto h-col-md-auto h-col-auto style-443-outer style-local-33-c8-outer\">\n            <div data-colibri-id=\"33-c8\" class=\"d-flex h-flex-basis h-column__inner h-px-lg-2 h-px-md-2 h-px-2 v-inner-lg-2 v-inner-md-2 v-inner-2 style-443 style-local-33-c8 position-relative\">\n              <!---->\n              <!---->\n              <div class=\"w-100 h-y-container h-column__content h-column__v-align flex-basis-100 align-self-lg-center align-self-md-center align-self-center\">\n                <!---->\n                <div data-colibri-id=\"33-c9\" class=\"d-block style-444 style-local-33-c9 position-relative h-element\">\n                  <!---->\n                  <div class=\"h-image__frame-container-outer\">\n                    <div class=\"h-image__frame-container\">\n                      <!---->\n                      <!---->\n                      <img loading=\"lazy\" width=\"2048\" height=\"1073\" src=\"https:\/\/www.aficcontabil.com.br\/wp_afic\/wp-content\/uploads\/2021\/03\/cropped-comercio2.jpg\" class=\"wp-image-727 style-444-image style-local-33-c9-image\" srcset=\"https:\/\/www.aficcontabil.com.br\/wp_afic\/wp-content\/uploads\/2021\/03\/cropped-comercio2.jpg 2048w, https:\/\/www.aficcontabil.com.br\/wp_afic\/wp-content\/uploads\/2021\/03\/cropped-comercio2-300x157.jpg 300w, https:\/\/www.aficcontabil.com.br\/wp_afic\/wp-content\/uploads\/2021\/03\/cropped-comercio2-1024x537.jpg 1024w, https:\/\/www.aficcontabil.com.br\/wp_afic\/wp-content\/uploads\/2021\/03\/cropped-comercio2-768x402.jpg 768w, https:\/\/www.aficcontabil.com.br\/wp_afic\/wp-content\/uploads\/2021\/03\/cropped-comercio2-1536x805.jpg 1536w\" sizes=\"(max-width: 2048px) 100vw, 2048px\" alt=\"\" \/>\n                      <div class=\"h-image__frame h-hide-sm style-444-frameImage style-local-33-c9-frameImage\"><\/div>\n                    <\/div>\n                  <\/div>\n                <\/div>\n              <\/div>\n            <\/div>\n          <\/div>\n        <\/div>\n      <\/div>\n    <\/div>\n  <\/div>\n<\/div>","protected":false},"excerpt":{"rendered":"<p>Se voc\u00ea tem, ou pretende abrir um comercio, conte com a AFIC Assessoria e Consultoria Cont\u00e1bil, para realizar todas as burocracias cont\u00e1beis de sua empresa. Facilitando o seu dia a dia, para que voc\u00ea foque mais tempo para alavancar seu comercio. Se voc\u00ea precisa de algum suporte de como realizar seu sonho de empreender,conte com [&hellip;]<\/p>\n","protected":false},"author":1,"featured_media":0,"parent":0,"menu_order":0,"comment_status":"closed","ping_status":"closed","template":"page-templates\/full-width-page.php","meta":{"_coblocks_attr":"","_coblocks_dimensions":"","_coblocks_responsive_height":"","_coblocks_accordion_ie_support":""},"_links":{"self":[{"href":"https:\/\/www.aficcontabil.com.br\/wp_afic\/wp-json\/wp\/v2\/pages\/33"}],"collection":[{"href":"https:\/\/www.aficcontabil.com.br\/wp_afic\/wp-json\/wp\/v2\/pages"}],"about":[{"href":"https:\/\/www.aficcontabil.com.br\/wp_afic\/wp-json\/wp\/v2\/types\/page"}],"author":[{"embeddable":true,"href":"https:\/\/www.aficcontabil.com.br\/wp_afic\/wp-json\/wp\/v2\/users\/1"}],"replies":[{"embeddable":true,"href":"https:\/\/www.aficcontabil.com.br\/wp_afic\/wp-json\/wp\/v2\/comments?post=33"}],"version-history":[{"count":5,"href":"https:\/\/www.aficcontabil.com.br\/wp_afic\/wp-json\/wp\/v2\/pages\/33\/revisions"}],"predecessor-version":[{"id":968,"href":"https:\/\/www.aficcontabil.com.br\/wp_afic\/wp-json\/wp\/v2\/pages\/33\/revisions\/968"}],"wp:attachment":[{"href":"https:\/\/www.aficcontabil.com.br\/wp_afic\/wp-json\/wp\/v2\/media?parent=33"}],"curies":[{"name":"wp","href":"https:\/\/api.w.org\/{rel}","templated":true}]}}