{"id":34,"date":"2021-02-10T16:50:40","date_gmt":"2021-02-10T16:50:40","guid":{"rendered":"https:\/\/www.aficcontabil.com.br\/wp_afic\/?page_id=34"},"modified":"2022-06-09T22:11:43","modified_gmt":"2022-06-09T22:11:43","slug":"mei","status":"publish","type":"page","link":"https:\/\/www.aficcontabil.com.br\/wp_afic\/mei\/","title":{"rendered":"MEI-Microempreendeor Individual"},"content":{"rendered":"<div data-colibri-id=\"34-c1\" class=\"style-445 style-local-34-c1 position-relative\">\n  <!---->\n  <div data-colibri-component=\"section\" data-colibri-id=\"34-c2\" id=\"content\" class=\"h-section h-section-global-spacing d-flex align-items-lg-center align-items-md-center align-items-center style-450 style-local-34-c2 position-relative\">\n    <!---->\n    <!---->\n    <div class=\"h-section-grid-container h-section-fluid-container\">\n      <!---->\n      <div data-colibri-id=\"34-c3\" class=\"h-row-container gutters-row-lg-0 gutters-row-md-0 gutters-row-2 gutters-row-v-lg-0 gutters-row-v-md-0 gutters-row-v-2 style-451 style-local-34-c3 position-relative\">\n        <!---->\n        <div class=\"h-row justify-content-lg-center justify-content-md-center justify-content-center align-items-lg-stretch align-items-md-stretch align-items-stretch gutters-col-lg-0 gutters-col-md-0 gutters-col-2 gutters-col-v-lg-0 gutters-col-v-md-0 gutters-col-v-2\">\n          <!---->\n          <div class=\"h-column h-column-container d-flex h-col-lg-auto h-col-md-auto h-col-auto style-452-outer style-local-34-c4-outer\">\n            <div data-colibri-id=\"34-c4\" class=\"d-flex h-flex-basis h-column__inner h-px-lg-0 h-px-md-0 h-px-0 v-inner-lg-0 v-inner-md-0 v-inner-0 style-452 style-local-34-c4 position-relative\">\n              <!---->\n              <!---->\n              <div class=\"w-100 h-y-container h-column__content h-column__v-align flex-basis-100 align-self-lg-start align-self-md-start align-self-start\">\n                <!---->\n                <div data-colibri-id=\"34-c5\" class=\"h-text h-text-component style-455 style-local-34-c5 position-relative h-element\">\n                  <!---->\n                  <!---->\n                  <div class=\"\">\n                    <p>Se voc\u00ea \u00e9 um Microempreendeor Individual, saiba que&nbsp;voc\u00ea tem obriga\u00e7\u00f5es anuais com o fisco.<\/p>\n                    <p>Conte com a AFIC Assessoria e Consultoria Cont\u00e1bil para simplificar sua vida e te auxiliar no que for necess\u00e1rio.<\/p>\n                    <p>\n                      <br>\n                    <\/p>\n                  <\/div>\n                <\/div>\n              <\/div>\n            <\/div>\n          <\/div>\n          <div class=\"h-column h-column-container d-flex h-col-lg-auto h-col-md-auto h-col-auto style-460-outer style-local-34-c6-outer\">\n            <div data-colibri-id=\"34-c6\" class=\"d-flex h-flex-basis h-column__inner h-ui-empty-state-container h-px-lg-0 h-px-md-0 h-px-0 v-inner-lg-0 v-inner-md-0 v-inner-0 style-460 style-local-34-c6 position-relative\">\n              <!---->\n              <!---->\n              <div class=\"w-100 h-y-container h-column__content h-column__v-align flex-basis-100\">\n                <!---->\n              <\/div>\n            <\/div>\n          <\/div>\n        <\/div>\n      <\/div>\n      <div data-colibri-id=\"34-c7\" class=\"h-row-container gutters-row-lg-2 gutters-row-md-2 gutters-row-0 gutters-row-v-lg-2 gutters-row-v-md-2 gutters-row-v-2 style-461 style-local-34-c7 position-relative\">\n        <!---->\n        <div class=\"h-row justify-content-lg-center justify-content-md-center justify-content-center align-items-lg-stretch align-items-md-stretch align-items-stretch gutters-col-lg-2 gutters-col-md-2 gutters-col-0 gutters-col-v-lg-2 gutters-col-v-md-2 gutters-col-v-2\">\n          <!---->\n          <div class=\"h-column h-column-container d-flex h-col-lg-auto h-col-md-auto h-col-auto style-462-outer style-local-34-c8-outer\">\n            <div data-colibri-id=\"34-c8\" class=\"d-flex h-flex-basis h-column__inner h-px-lg-2 h-px-md-2 h-px-2 v-inner-lg-2 v-inner-md-2 v-inner-2 style-462 style-local-34-c8 position-relative\">\n              <!---->\n              <!---->\n              <div class=\"w-100 h-y-container h-column__content h-column__v-align flex-basis-100 align-self-lg-start align-self-md-start align-self-start\">\n                <!---->\n                <div data-colibri-id=\"34-c9\" class=\"h-x-container style-464 style-local-34-c9 position-relative h-element\">\n                  <!---->\n                  <div class=\"h-x-container-inner style-dynamic-34-c9-group style-464-spacing style-local-34-c9-spacing\"><span class=\"h-button__outer style-465-outer style-local-34-c10-outer d-inline-flex h-element\"><a h-use-smooth-scroll=\"true\" href=\"\/wp_afic\/solicite\/\"  data-colibri-id=\"34-c10\" class=\"d-flex w-100 align-items-center h-button justify-content-lg-center justify-content-md-center justify-content-center style-465 style-local-34-c10 position-relative\"><!----><!----> <span>Solicite Proposta Online<\/span><\/a>\n                    <\/span>\n                  <\/div>\n                <\/div>\n              <\/div>\n            <\/div>\n          <\/div>\n        <\/div>\n      <\/div>\n    <\/div>\n  <\/div>\n<\/div>","protected":false},"excerpt":{"rendered":"<p>Se voc\u00ea \u00e9 um Microempreendeor Individual, saiba que&nbsp;voc\u00ea tem obriga\u00e7\u00f5es anuais com o fisco. Conte com a AFIC Assessoria e Consultoria Cont\u00e1bil para simplificar sua vida e te auxiliar no que for necess\u00e1rio. Solicite Proposta Online<\/p>\n","protected":false},"author":1,"featured_media":0,"parent":0,"menu_order":0,"comment_status":"closed","ping_status":"closed","template":"page-templates\/full-width-page.php","meta":{"_coblocks_attr":"","_coblocks_dimensions":"","_coblocks_responsive_height":"","_coblocks_accordion_ie_support":""},"_links":{"self":[{"href":"https:\/\/www.aficcontabil.com.br\/wp_afic\/wp-json\/wp\/v2\/pages\/34"}],"collection":[{"href":"https:\/\/www.aficcontabil.com.br\/wp_afic\/wp-json\/wp\/v2\/pages"}],"about":[{"href":"https:\/\/www.aficcontabil.com.br\/wp_afic\/wp-json\/wp\/v2\/types\/page"}],"author":[{"embeddable":true,"href":"https:\/\/www.aficcontabil.com.br\/wp_afic\/wp-json\/wp\/v2\/users\/1"}],"replies":[{"embeddable":true,"href":"https:\/\/www.aficcontabil.com.br\/wp_afic\/wp-json\/wp\/v2\/comments?post=34"}],"version-history":[{"count":6,"href":"https:\/\/www.aficcontabil.com.br\/wp_afic\/wp-json\/wp\/v2\/pages\/34\/revisions"}],"predecessor-version":[{"id":1017,"href":"https:\/\/www.aficcontabil.com.br\/wp_afic\/wp-json\/wp\/v2\/pages\/34\/revisions\/1017"}],"wp:attachment":[{"href":"https:\/\/www.aficcontabil.com.br\/wp_afic\/wp-json\/wp\/v2\/media?parent=34"}],"curies":[{"name":"wp","href":"https:\/\/api.w.org\/{rel}","templated":true}]}}