{"id":51,"date":"2021-02-10T16:56:28","date_gmt":"2021-02-10T16:56:28","guid":{"rendered":"https:\/\/www.aficcontabil.com.br\/wp_afic\/?page_id=51"},"modified":"2022-06-09T22:04:40","modified_gmt":"2022-06-09T22:04:40","slug":"contrate","status":"publish","type":"page","link":"https:\/\/www.aficcontabil.com.br\/wp_afic\/contrate\/","title":{"rendered":"Contrate"},"content":{"rendered":"<div data-colibri-id=\"51-c1\" class=\"style-466 style-local-51-c1 position-relative\">\n  <!---->\n  <div data-colibri-component=\"section\" data-colibri-id=\"51-c2\" id=\"about\" class=\"h-section h-section-global-spacing d-flex align-items-lg-center align-items-md-center align-items-center style-467 style-local-51-c2 position-relative\">\n    <!---->\n    <!---->\n    <div class=\"h-section-grid-container h-section-boxed-container\">\n      <!---->\n      <div data-colibri-id=\"51-c3\" class=\"h-row-container gutters-row-lg-0 gutters-row-md-0 gutters-row-0 gutters-row-v-lg-0 gutters-row-v-md-0 gutters-row-v-0 style-468 style-local-51-c3 position-relative\">\n        <!---->\n        <div class=\"h-row justify-content-lg-center justify-content-md-center justify-content-center align-items-lg-stretch align-items-md-stretch align-items-stretch gutters-col-lg-0 gutters-col-md-0 gutters-col-0 gutters-col-v-lg-0 gutters-col-v-md-0 gutters-col-v-0\">\n          <!---->\n          <div class=\"h-column h-column-container d-flex h-col-lg-auto h-col-md-auto h-col-auto style-469-outer style-local-51-c4-outer\">\n            <div data-colibri-id=\"51-c4\" class=\"d-flex h-flex-basis h-column__inner h-px-lg-0 h-px-md-0 h-px-0 v-inner-lg-0 v-inner-md-0 v-inner-0 style-469 style-local-51-c4 position-relative\">\n              <!---->\n              <!---->\n              <div class=\"w-100 h-y-container h-column__content h-column__v-align flex-basis-100 align-self-lg-start align-self-md-start align-self-start\">\n                <!---->\n                <div data-colibri-id=\"51-c5\" class=\"h-global-transition-all h-heading style-470 style-local-51-c5 position-relative h-element\">\n                  <!---->\n                  <div class=\"h-heading__outer style-470 style-local-51-c5\">\n                    <!---->\n                    <!---->\n                    <h5 class=\"\">Entre em Contato conosco<\/h5>\n                  <\/div>\n                <\/div>\n                <div data-colibri-id=\"51-c6\" class=\"h-global-transition-all h-heading style-471 style-local-51-c6 position-relative h-element\">\n                  <!---->\n                  <div class=\"h-heading__outer style-471 style-local-51-c6\">\n                    <!---->\n                    <!---->\n                    <h2 class=\"\">A AFIC Cont\u00e1bil tem o plano do tamanho de seu or\u00e7amento.<\/h2>\n                  <\/div>\n                <\/div>\n                <div data-colibri-id=\"51-c7\" class=\"h-text h-text-component style-472 style-local-51-c7 position-relative h-element\">\n                  <!---->\n                  <!---->\n                  <div class=\"\">\n                    <p>Solicite or\u00e7amento de servi\u00e7os no bot\u00e3o abaixo.<\/p>\n                  <\/div>\n                <\/div>\n              <\/div>\n            <\/div>\n          <\/div>\n          <div class=\"h-column h-column-container d-flex h-col-lg-auto h-col-md-auto h-col-auto style-473-outer style-local-51-c8-outer\">\n            <div data-colibri-id=\"51-c8\" class=\"d-flex h-flex-basis h-column__inner h-ui-empty-state-container h-px-lg-2 h-px-md-2 h-px-2 v-inner-lg-2 v-inner-md-2 v-inner-2 style-473 style-local-51-c8 position-relative\">\n              <!---->\n              <!---->\n              <div class=\"w-100 h-y-container h-column__content h-column__v-align flex-basis-100\">\n                <!---->\n              <\/div>\n            <\/div>\n          <\/div>\n        <\/div>\n      <\/div>\n      <div data-colibri-id=\"51-c9\" class=\"h-row-container gutters-row-lg-2 gutters-row-md-2 gutters-row-0 gutters-row-v-lg-2 gutters-row-v-md-2 gutters-row-v-2 style-474 style-local-51-c9 position-relative\">\n        <!---->\n        <div class=\"h-row justify-content-lg-center justify-content-md-center justify-content-center align-items-lg-stretch align-items-md-stretch align-items-stretch gutters-col-lg-2 gutters-col-md-2 gutters-col-0 gutters-col-v-lg-2 gutters-col-v-md-2 gutters-col-v-2\">\n          <!---->\n          <div class=\"h-column h-column-container d-flex h-col-lg-auto h-col-md-auto h-col-auto style-475-outer style-local-51-c10-outer\">\n            <div data-colibri-id=\"51-c10\" class=\"d-flex h-flex-basis h-column__inner h-px-lg-2 h-px-md-2 h-px-2 v-inner-lg-2 v-inner-md-2 v-inner-2 style-475 style-local-51-c10 position-relative\">\n              <!---->\n              <!---->\n              <div class=\"w-100 h-y-container h-column__content h-column__v-align flex-basis-100 align-self-lg-start align-self-md-start align-self-start\">\n                <!---->\n                <div data-colibri-id=\"51-c11\" class=\"h-x-container style-477 style-local-51-c11 position-relative h-element\">\n                  <!---->\n                  <div class=\"h-x-container-inner style-dynamic-51-c11-group style-477-spacing style-local-51-c11-spacing\"><span class=\"h-button__outer style-478-outer style-local-51-c12-outer d-inline-flex h-element\"><a h-use-smooth-scroll=\"true\" href=\"\/wp_afic\/contato\/\"  data-colibri-id=\"51-c12\" class=\"d-flex w-100 align-items-center h-button justify-content-lg-center justify-content-md-center justify-content-center style-478 style-local-51-c12 position-relative\"><!----><!----> <span>Solicite Or\u00e7amento de servi\u00e7os<\/span><\/a>\n                    <\/span>\n                  <\/div>\n                <\/div>\n              <\/div>\n            <\/div>\n          <\/div>\n        <\/div>\n      <\/div>\n    <\/div>\n  <\/div>\n<\/div>","protected":false},"excerpt":{"rendered":"<p>Entre em Contato conosco A AFIC Cont\u00e1bil tem o plano do tamanho de seu or\u00e7amento. Solicite or\u00e7amento de servi\u00e7os no bot\u00e3o abaixo. Solicite Or\u00e7amento de servi\u00e7os<\/p>\n","protected":false},"author":1,"featured_media":0,"parent":0,"menu_order":0,"comment_status":"closed","ping_status":"closed","template":"page-templates\/full-width-page.php","meta":{"_coblocks_attr":"","_coblocks_dimensions":"","_coblocks_responsive_height":"","_coblocks_accordion_ie_support":""},"_links":{"self":[{"href":"https:\/\/www.aficcontabil.com.br\/wp_afic\/wp-json\/wp\/v2\/pages\/51"}],"collection":[{"href":"https:\/\/www.aficcontabil.com.br\/wp_afic\/wp-json\/wp\/v2\/pages"}],"about":[{"href":"https:\/\/www.aficcontabil.com.br\/wp_afic\/wp-json\/wp\/v2\/types\/page"}],"author":[{"embeddable":true,"href":"https:\/\/www.aficcontabil.com.br\/wp_afic\/wp-json\/wp\/v2\/users\/1"}],"replies":[{"embeddable":true,"href":"https:\/\/www.aficcontabil.com.br\/wp_afic\/wp-json\/wp\/v2\/comments?post=51"}],"version-history":[{"count":4,"href":"https:\/\/www.aficcontabil.com.br\/wp_afic\/wp-json\/wp\/v2\/pages\/51\/revisions"}],"predecessor-version":[{"id":982,"href":"https:\/\/www.aficcontabil.com.br\/wp_afic\/wp-json\/wp\/v2\/pages\/51\/revisions\/982"}],"wp:attachment":[{"href":"https:\/\/www.aficcontabil.com.br\/wp_afic\/wp-json\/wp\/v2\/media?parent=51"}],"curies":[{"name":"wp","href":"https:\/\/api.w.org\/{rel}","templated":true}]}}